{"id":172,"date":"2021-07-29T14:53:40","date_gmt":"2021-07-29T14:53:40","guid":{"rendered":"https:\/\/businessstartup.liquid-themes.com\/elementor\/?page_id=172"},"modified":"2025-02-27T18:29:19","modified_gmt":"2025-02-27T18:29:19","slug":"contacto","status":"publish","type":"page","link":"https:\/\/detectoresyextintorescontraincendio.com\/index.php\/contacto\/","title":{"rendered":"Contacto"},"content":{"rendered":"\t\t<div data-elementor-type=\"wp-page\" data-elementor-id=\"172\" class=\"elementor elementor-172\">\n\t\t\t\t\t\t<section class=\"elementor-section elementor-top-section elementor-element elementor-element-b6c333a elementor-section-boxed elementor-section-height-default elementor-section-height-default\" data-id=\"b6c333a\" data-element_type=\"section\" data-settings=\"{&quot;background_background&quot;:&quot;classic&quot;,&quot;shape_divider_bottom&quot;:&quot;curve&quot;,&quot;shape_divider_bottom_negative&quot;:&quot;yes&quot;}\">\n\t\t\t\t\t\t\t<div class=\"elementor-background-overlay\"><\/div>\n\t\t\t\t\t\t<div class=\"elementor-shape elementor-shape-bottom\" aria-hidden=\"true\" data-negative=\"true\">\n\t\t\t<svg xmlns=\"http:\/\/www.w3.org\/2000\/svg\" viewBox=\"0 0 1000 100\" preserveAspectRatio=\"none\">\n\t<path class=\"elementor-shape-fill\" d=\"M500,97C126.7,96.3,0.8,19.8,0,0v100l1000,0V1C1000,19.4,873.3,97.8,500,97z\"\/>\n<\/svg>\t\t<\/div>\n\t\t\t\t\t<div class=\"elementor-container elementor-column-gap-default\">\n\t\t\t\t\t<div class=\"elementor-column elementor-col-100 elementor-top-column elementor-element elementor-element-e98e0e2\" data-id=\"e98e0e2\" data-element_type=\"column\">\n\t\t\t<div class=\"elementor-widget-wrap elementor-element-populated\">\n\t\t\t\t\t\t<section class=\"elementor-section elementor-inner-section elementor-element elementor-element-76f6b79 elementor-section-boxed elementor-section-height-default elementor-section-height-default\" data-id=\"76f6b79\" data-element_type=\"section\">\n\t\t\t\t\t\t<div class=\"elementor-container elementor-column-gap-default\">\n\t\t\t\t\t<div class=\"elementor-column elementor-col-100 elementor-inner-column elementor-element elementor-element-7cb4078\" data-id=\"7cb4078\" data-element_type=\"column\">\n\t\t\t<div class=\"elementor-widget-wrap elementor-element-populated\">\n\t\t\t\t\t\t<div class=\"elementor-element elementor-element-7d50e52 elementor-widget elementor-widget-hub_fancy_heading\" data-id=\"7d50e52\" data-element_type=\"widget\" data-widget_type=\"hub_fancy_heading.default\">\n\t\t\t\t<div class=\"elementor-widget-container\">\n\t\t\t\t\t\n\t\t<div id=\"ld-fancy-heading-69e0ed9e86bad\" class=\"ld-fancy-heading pos-rel\">\n\t\t\t<h1 class=\"ld-fh-element d-inline-block pos-rel  elementor-heading-title lqd-highlight-classic lqd-highlight-grow-left h1\"  > Cont\u00e1ctanos<\/h1>\t\t<\/div>\n\n\t\t\t\t\t\t<\/div>\n\t\t\t\t<\/div>\n\t\t\t\t<div class=\"elementor-element elementor-element-8c828da elementor-widget elementor-widget-hub_fancy_heading\" data-id=\"8c828da\" data-element_type=\"widget\" data-widget_type=\"hub_fancy_heading.default\">\n\t\t\t\t<div class=\"elementor-widget-container\">\n\t\t\t\t\t\n\t\t<div id=\"ld-fancy-heading-69e0ed9e870f3\" class=\"ld-fancy-heading pos-rel\">\n\t\t\t<p class=\"ld-fh-element d-inline-block pos-rel  lqd-highlight-classic lqd-highlight-grow-left p\"  > Podemos brindarte una cotizaci\u00f3n de inmediato, ya sea por WhatsApp o por tel\u00e9fono.<\/p>\t\t<\/div>\n\n\t\t\t\t\t\t<\/div>\n\t\t\t\t<\/div>\n\t\t\t\t<div class=\"elementor-element elementor-element-5e296de elementor-widget elementor-widget-ld_button\" data-id=\"5e296de\" data-element_type=\"widget\" data-widget_type=\"ld_button.default\">\n\t\t\t\t<div class=\"elementor-widget-container\">\n\t\t\t\t\t\n\t\t\t<a\n\t\t\t\tclass=\"elementor-button btn btn-naked btn-icon-block btn-no-label\" data-localscroll=\"1\" data-localscroll-options=\"{&quot;scrollBelowSection&quot;:true}\" href=\"#\"\t\t\t>\n\t\t\t\t\t\t\t\t\t\t\t\t\t\t<span class=\"btn-icon\">\n\t\t\t\t\t\t\t<i aria-hidden=\"true\" class=\"lqd-icn-ess icon-ion-ios-arrow-down\"><\/i>\t\t\t\t\t\t<\/span>\n\t\t\t\t\t\t\t\t\t<\/a>\n\t\t\t\t\t\t\t<\/div>\n\t\t\t\t<\/div>\n\t\t\t\t\t<\/div>\n\t\t<\/div>\n\t\t\t\t\t<\/div>\n\t\t<\/section>\n\t\t\t\t\t<\/div>\n\t\t<\/div>\n\t\t\t\t\t<\/div>\n\t\t<\/section>\n\t\t<div class=\"elementor-element elementor-element-8304b2e e-flex e-con-boxed e-con e-parent\" data-id=\"8304b2e\" data-element_type=\"container\">\n\t\t\t\t\t<div class=\"e-con-inner\">\n\t\t<div class=\"elementor-element elementor-element-94340eb e-con-full e-flex e-con e-child\" data-id=\"94340eb\" data-element_type=\"container\">\n\t\t\t\t<div class=\"elementor-element elementor-element-d6f0a9c elementor-widget elementor-widget-text-editor\" data-id=\"d6f0a9c\" data-element_type=\"widget\" data-widget_type=\"text-editor.default\">\n\t\t\t\t<div class=\"elementor-widget-container\">\n\t\t\t\t\t\t\t\t\t<p style=\"text-align: center;\">Ll\u00e1manos ahora mismo. Nos adaptamos a tu <strong>presupuesto<\/strong> y a tu visi\u00f3n para transformar espacios y <strong>optimizar<\/strong> cada rinc\u00f3n de tu construcci\u00f3n.<\/p>\t\t\t\t\t\t\t\t<\/div>\n\t\t\t\t<\/div>\n\t\t<div class=\"elementor-element elementor-element-8d707a4 e-flex e-con-boxed e-con e-child\" data-id=\"8d707a4\" data-element_type=\"container\">\n\t\t\t\t\t<div class=\"e-con-inner\">\n\t\t<div class=\"elementor-element elementor-element-a8723ab e-flex e-con-boxed e-con e-child\" data-id=\"a8723ab\" data-element_type=\"container\">\n\t\t\t\t\t<div class=\"e-con-inner\">\n\t\t\t\t<div class=\"elementor-element elementor-element-9b10977 elementor-align-left elementor-widget elementor-widget-ld_button\" data-id=\"9b10977\" data-element_type=\"widget\" data-widget_type=\"ld_button.default\">\n\t\t\t\t<div class=\"elementor-widget-container\">\n\t\t\t\t\t\n\t\t\t<a\n\t\t\t\thref=\"tel:5578820565\"class=\"elementor-button btn btn-solid btn-lg btn-icon-right btn-hover-swp btn-has-label\"\t\t\t>\n\t\t\t\t\t\t\t\t\t<span data-text=\"Ll\u00e1manos\" class=\"btn-txt\">\n\t\t\t\t\t\tLl\u00e1manos\t\t\t\t\t<\/span>\n\t\t\t\t\t\t\t\t\t\t\t\t\t\t<span class=\"btn-icon\">\n\t\t\t\t\t\t\t<svg aria-hidden=\"true\" class=\"e-font-icon-svg e-fas-phone-alt\" viewBox=\"0 0 512 512\" xmlns=\"http:\/\/www.w3.org\/2000\/svg\"><path d=\"M497.39 361.8l-112-48a24 24 0 0 0-28 6.9l-49.6 60.6A370.66 370.66 0 0 1 130.6 204.11l60.6-49.6a23.94 23.94 0 0 0 6.9-28l-48-112A24.16 24.16 0 0 0 122.6.61l-104 24A24 24 0 0 0 0 48c0 256.5 207.9 464 464 464a24 24 0 0 0 23.4-18.6l24-104a24.29 24.29 0 0 0-14.01-27.6z\"><\/path><\/svg>\t\t\t\t\t\t<\/span>\n\t\t\t\t\t\t\t\t\t\t\t\t<span class=\"btn-icon\">\n\t\t\t\t\t\t\t<svg aria-hidden=\"true\" class=\"e-font-icon-svg e-fas-phone-alt\" viewBox=\"0 0 512 512\" xmlns=\"http:\/\/www.w3.org\/2000\/svg\"><path d=\"M497.39 361.8l-112-48a24 24 0 0 0-28 6.9l-49.6 60.6A370.66 370.66 0 0 1 130.6 204.11l60.6-49.6a23.94 23.94 0 0 0 6.9-28l-48-112A24.16 24.16 0 0 0 122.6.61l-104 24A24 24 0 0 0 0 48c0 256.5 207.9 464 464 464a24 24 0 0 0 23.4-18.6l24-104a24.29 24.29 0 0 0-14.01-27.6z\"><\/path><\/svg>\t\t\t\t\t\t<\/span>\n\t\t\t\t\t\t\t\t\t<\/a>\n\t\t\t\t\t\t\t<\/div>\n\t\t\t\t<\/div>\n\t\t\t\t\t<\/div>\n\t\t\t\t<\/div>\n\t\t<div class=\"elementor-element elementor-element-781cc89 e-flex e-con-boxed e-con e-child\" data-id=\"781cc89\" data-element_type=\"container\">\n\t\t\t\t\t<div class=\"e-con-inner\">\n\t\t\t\t<div class=\"elementor-element elementor-element-fdb3923 elementor-align-left elementor-widget elementor-widget-ld_button\" data-id=\"fdb3923\" data-element_type=\"widget\" data-widget_type=\"ld_button.default\">\n\t\t\t\t<div class=\"elementor-widget-container\">\n\t\t\t\t\t\n\t\t\t<a\n\t\t\t\thref=\"https:\/\/api.whatsapp.com\/send?phone=5578820565\"class=\"elementor-button btn btn-solid btn-lg btn-icon-right btn-hover-swp btn-has-label\"\t\t\t>\n\t\t\t\t\t\t\t\t\t<span data-text=\"WhatsApp\" class=\"btn-txt\">\n\t\t\t\t\t\tWhatsApp\t\t\t\t\t<\/span>\n\t\t\t\t\t\t\t\t\t\t\t\t\t\t<span class=\"btn-icon\">\n\t\t\t\t\t\t\t<svg aria-hidden=\"true\" class=\"e-font-icon-svg e-fab-whatsapp\" viewBox=\"0 0 448 512\" xmlns=\"http:\/\/www.w3.org\/2000\/svg\"><path d=\"M380.9 97.1C339 55.1 283.2 32 223.9 32c-122.4 0-222 99.6-222 222 0 39.1 10.2 77.3 29.6 111L0 480l117.7-30.9c32.4 17.7 68.9 27 106.1 27h.1c122.3 0 224.1-99.6 224.1-222 0-59.3-25.2-115-67.1-157zm-157 341.6c-33.2 0-65.7-8.9-94-25.7l-6.7-4-69.8 18.3L72 359.2l-4.4-7c-18.5-29.4-28.2-63.3-28.2-98.2 0-101.7 82.8-184.5 184.6-184.5 49.3 0 95.6 19.2 130.4 54.1 34.8 34.9 56.2 81.2 56.1 130.5 0 101.8-84.9 184.6-186.6 184.6zm101.2-138.2c-5.5-2.8-32.8-16.2-37.9-18-5.1-1.9-8.8-2.8-12.5 2.8-3.7 5.6-14.3 18-17.6 21.8-3.2 3.7-6.5 4.2-12 1.4-32.6-16.3-54-29.1-75.5-66-5.7-9.8 5.7-9.1 16.3-30.3 1.8-3.7.9-6.9-.5-9.7-1.4-2.8-12.5-30.1-17.1-41.2-4.5-10.8-9.1-9.3-12.5-9.5-3.2-.2-6.9-.2-10.6-.2-3.7 0-9.7 1.4-14.8 6.9-5.1 5.6-19.4 19-19.4 46.3 0 27.3 19.9 53.7 22.6 57.4 2.8 3.7 39.1 59.7 94.8 83.8 35.2 15.2 49 16.5 66.6 13.9 10.7-1.6 32.8-13.4 37.4-26.4 4.6-13 4.6-24.1 3.2-26.4-1.3-2.5-5-3.9-10.5-6.6z\"><\/path><\/svg>\t\t\t\t\t\t<\/span>\n\t\t\t\t\t\t\t\t\t\t\t\t<span class=\"btn-icon\">\n\t\t\t\t\t\t\t<svg aria-hidden=\"true\" class=\"e-font-icon-svg e-fab-whatsapp\" viewBox=\"0 0 448 512\" xmlns=\"http:\/\/www.w3.org\/2000\/svg\"><path d=\"M380.9 97.1C339 55.1 283.2 32 223.9 32c-122.4 0-222 99.6-222 222 0 39.1 10.2 77.3 29.6 111L0 480l117.7-30.9c32.4 17.7 68.9 27 106.1 27h.1c122.3 0 224.1-99.6 224.1-222 0-59.3-25.2-115-67.1-157zm-157 341.6c-33.2 0-65.7-8.9-94-25.7l-6.7-4-69.8 18.3L72 359.2l-4.4-7c-18.5-29.4-28.2-63.3-28.2-98.2 0-101.7 82.8-184.5 184.6-184.5 49.3 0 95.6 19.2 130.4 54.1 34.8 34.9 56.2 81.2 56.1 130.5 0 101.8-84.9 184.6-186.6 184.6zm101.2-138.2c-5.5-2.8-32.8-16.2-37.9-18-5.1-1.9-8.8-2.8-12.5 2.8-3.7 5.6-14.3 18-17.6 21.8-3.2 3.7-6.5 4.2-12 1.4-32.6-16.3-54-29.1-75.5-66-5.7-9.8 5.7-9.1 16.3-30.3 1.8-3.7.9-6.9-.5-9.7-1.4-2.8-12.5-30.1-17.1-41.2-4.5-10.8-9.1-9.3-12.5-9.5-3.2-.2-6.9-.2-10.6-.2-3.7 0-9.7 1.4-14.8 6.9-5.1 5.6-19.4 19-19.4 46.3 0 27.3 19.9 53.7 22.6 57.4 2.8 3.7 39.1 59.7 94.8 83.8 35.2 15.2 49 16.5 66.6 13.9 10.7-1.6 32.8-13.4 37.4-26.4 4.6-13 4.6-24.1 3.2-26.4-1.3-2.5-5-3.9-10.5-6.6z\"><\/path><\/svg>\t\t\t\t\t\t<\/span>\n\t\t\t\t\t\t\t\t\t<\/a>\n\t\t\t\t\t\t\t<\/div>\n\t\t\t\t<\/div>\n\t\t\t\t\t<\/div>\n\t\t\t\t<\/div>\n\t\t\t\t\t<\/div>\n\t\t\t\t<\/div>\n\t\t\t\t<\/div>\n\t\t<div class=\"elementor-element elementor-element-c6e901a e-con-full elementor-hidden-mobile e-flex e-con e-child\" data-id=\"c6e901a\" data-element_type=\"container\">\n\t\t\t\t<div class=\"elementor-element elementor-element-9715891 elementor-widget elementor-widget-image\" data-id=\"9715891\" data-element_type=\"widget\" data-widget_type=\"image.default\">\n\t\t\t\t<div class=\"elementor-widget-container\">\n\t\t\t\t\t\t\t\t\t\t\t\t\t\t\t<img fetchpriority=\"high\" decoding=\"async\" width=\"500\" height=\"150\" src=\"https:\/\/detectoresyextintorescontraincendio.com\/wp-content\/uploads\/2021\/07\/Diseno-sin-titulo-67-e1740061449374.png\" class=\"attachment-large size-large wp-image-1567\" alt=\"\" srcset=\"https:\/\/detectoresyextintorescontraincendio.com\/wp-content\/uploads\/2021\/07\/Diseno-sin-titulo-67-e1740061449374.png 500w, https:\/\/detectoresyextintorescontraincendio.com\/wp-content\/uploads\/2021\/07\/Diseno-sin-titulo-67-e1740061449374-300x90.png 300w\" sizes=\"(max-width: 500px) 100vw, 500px\" \/>\t\t\t\t\t\t\t\t\t\t\t\t\t\t\t<\/div>\n\t\t\t\t<\/div>\n\t\t\t\t<\/div>\n\t\t\t\t\t<\/div>\n\t\t\t\t<\/div>\n\t\t\t\t<section data-custom-animations=\"true\" data-ca-options=\"{&quot;addChildTimelines&quot;:false,&quot;animationTarget&quot;:&quot;:scope &gt; .elementor-container &gt; .elementor-column&quot;,&quot;ease&quot;:[&quot;power4.out&quot;],&quot;initValues&quot;:{&quot;y&quot;:&quot;80px&quot;,&quot;scaleX&quot;:0.9,&quot;scaleY&quot;:0.9,&quot;rotationX&quot;:-35,&quot;opacity&quot;:0},&quot;animations&quot;:{&quot;y&quot;:&quot;0px&quot;,&quot;scaleX&quot;:1,&quot;scaleY&quot;:1,&quot;rotationX&quot;:0,&quot;opacity&quot;:1}}\" class=\"elementor-section elementor-top-section elementor-element elementor-element-0323151 elementor-section-boxed elementor-section-height-default elementor-section-height-default\" data-id=\"0323151\" data-element_type=\"section\">\n\t\t\t\t\t\t<div class=\"elementor-container elementor-column-gap-default\">\n\t\t\t\t\t<div data-custom-animations=\"true\" data-ca-options=\"{&quot;addChildTimelines&quot;:false,&quot;animationTarget&quot;:&quot;:scope &gt; .elementor-widget-wrap &gt; .elementor-element &gt; .elementor-widget-container, :scope &gt; .elementor-widget-wrap &gt; .elementor-section &gt; .elementor-container &gt; .elementor-column &gt; .elementor-widget-wrap &gt; .elementor-element:not(.lqd-el-has-inner-anim) &gt; .elementor-widget-container, :scope &gt; .elementor-widget-wrap &gt; .elementor-widget-hub_fancy_heading .lqd-split-lines .lqd-lines .split-inner, :scope &gt; .elementor-widget-wrap &gt; .elementor-widget-hub_fancy_heading .lqd-split-words .lqd-words .split-inner, :scope &gt; .elementor-widget-wrap &gt; .elementor-widget-hub_fancy_heading .lqd-split-chars .lqd-chars .split-inner, :scope &gt; .elementor-widget-wrap &gt; .elementor-widget-ld_custom_menu .lqd-fancy-menu &gt; ul &gt; li&quot;,&quot;ease&quot;:[&quot;power4.out&quot;],&quot;initValues&quot;:{&quot;y&quot;:&quot;80px&quot;,&quot;scaleX&quot;:0.9,&quot;scaleY&quot;:0.9,&quot;rotationX&quot;:-35,&quot;opacity&quot;:0},&quot;animations&quot;:{&quot;y&quot;:&quot;0px&quot;,&quot;scaleX&quot;:1,&quot;scaleY&quot;:1,&quot;rotationX&quot;:0,&quot;opacity&quot;:1}}\" class=\"elementor-column elementor-col-100 elementor-top-column elementor-element elementor-element-28d6563\" data-id=\"28d6563\" data-element_type=\"column\">\n\t\t\t<div class=\"elementor-widget-wrap elementor-element-populated\">\n\t\t\t\t\t\t<section class=\"elementor-section elementor-inner-section elementor-element elementor-element-869c8d5 elementor-section-boxed elementor-section-height-default elementor-section-height-default\" data-id=\"869c8d5\" data-element_type=\"section\" data-settings=\"{&quot;background_background&quot;:&quot;classic&quot;}\">\n\t\t\t\t\t\t\t<div class=\"elementor-background-overlay\"><\/div>\n\t\t\t\t\t\t\t<div class=\"elementor-container elementor-column-gap-default\">\n\t\t\t\t\t<div class=\"elementor-column elementor-col-50 elementor-inner-column elementor-element elementor-element-f381f2b\" data-id=\"f381f2b\" data-element_type=\"column\">\n\t\t\t<div class=\"elementor-widget-wrap elementor-element-populated\">\n\t\t\t\t\t\t<div class=\"elementor-element elementor-element-38718a9 elementor-widget elementor-widget-hub_fancy_heading\" data-id=\"38718a9\" data-element_type=\"widget\" data-widget_type=\"hub_fancy_heading.default\">\n\t\t\t\t<div class=\"elementor-widget-container\">\n\t\t\t\t\t\n\t\t<div id=\"ld-fancy-heading-69e0ed9e88fa5\" class=\"ld-fancy-heading pos-rel\">\n\t\t\t<h2 class=\"ld-fh-element d-inline-block pos-rel  elementor-heading-title lqd-highlight-classic lqd-highlight-grow-left h2\"  > La seguridad contra incendios no es opcional, es una necesidad. <\/h2>\t\t<\/div>\n\n\t\t\t\t\t\t<\/div>\n\t\t\t\t<\/div>\n\t\t\t\t\t<\/div>\n\t\t<\/div>\n\t\t\t\t<div class=\"elementor-column elementor-col-50 elementor-inner-column elementor-element elementor-element-e823a84\" data-id=\"e823a84\" data-element_type=\"column\">\n\t\t\t<div class=\"elementor-widget-wrap elementor-element-populated\">\n\t\t\t\t\t\t<div class=\"elementor-element elementor-element-1d01efb elementor-align-right elementor-tablet-align-center elementor-widget elementor-widget-ld_button\" data-id=\"1d01efb\" data-element_type=\"widget\" data-widget_type=\"ld_button.default\">\n\t\t\t\t<div class=\"elementor-widget-container\">\n\t\t\t\t\t\n\t\t\t<a\n\t\t\t\thref=\"https:\/\/detectoresyextintorescontraincendio.com\/index.php\/contacto\/\"class=\"elementor-button btn btn-solid btn-icon-right btn-hover-reveal btn-has-label\"\t\t\t>\n\t\t\t\t\t\t\t\t\t<span data-text=\"\u00a1Contactar ahora!\" class=\"btn-txt\">\n\t\t\t\t\t\t\u00a1Contactar ahora!\t\t\t\t\t<\/span>\n\t\t\t\t\t\t\t\t\t\t\t\t\t\t<span class=\"btn-icon\">\n\t\t\t\t\t\t\t<i aria-hidden=\"true\" class=\"lqd-icn-ess icon-md-arrow-forward\"><\/i>\t\t\t\t\t\t<\/span>\n\t\t\t\t\t\t\t\t\t<\/a>\n\t\t\t\t\t\t\t<\/div>\n\t\t\t\t<\/div>\n\t\t\t\t\t<\/div>\n\t\t<\/div>\n\t\t\t\t\t<\/div>\n\t\t<\/section>\n\t\t\t\t\t<\/div>\n\t\t<\/div>\n\t\t\t\t\t<\/div>\n\t\t<\/section>\n\t\t\t\t<\/div>\n\t\t","protected":false},"excerpt":{"rendered":"<p>Cont\u00e1ctanos Podemos brindarte una cotizaci\u00f3n de inmediato, ya sea por WhatsApp o por tel\u00e9fono. Ll\u00e1manos ahora mismo. Nos adaptamos a tu presupuesto y a tu visi\u00f3n para transformar espacios y optimizar cada rinc\u00f3n de tu construcci\u00f3n. Ll\u00e1manos WhatsApp La seguridad contra incendios no es opcional, es una necesidad. \u00a1Contactar ahora!<\/p>\n","protected":false},"author":1,"featured_media":0,"parent":0,"menu_order":0,"comment_status":"closed","ping_status":"closed","template":"","meta":{"footnotes":""},"class_list":["post-172","page","type-page","status-publish","hentry"],"yoast_head":"<!-- This site is optimized with the Yoast SEO plugin v24.6 - https:\/\/yoast.com\/wordpress\/plugins\/seo\/ -->\n<title>Contacto - Extintores contra incendios<\/title>\n<meta name=\"robots\" content=\"index, follow, max-snippet:-1, max-image-preview:large, max-video-preview:-1\" \/>\n<link rel=\"canonical\" href=\"https:\/\/detectoresyextintorescontraincendio.com\/index.php\/contacto\/\" \/>\n<meta property=\"og:locale\" content=\"en_US\" \/>\n<meta property=\"og:type\" content=\"article\" \/>\n<meta property=\"og:title\" content=\"Contacto - Extintores contra incendios\" \/>\n<meta property=\"og:description\" content=\"Cont\u00e1ctanos Podemos brindarte una cotizaci\u00f3n de inmediato, ya sea por WhatsApp o por tel\u00e9fono. Ll\u00e1manos ahora mismo. Nos adaptamos a tu presupuesto y a tu visi\u00f3n para transformar espacios y optimizar cada rinc\u00f3n de tu construcci\u00f3n. Ll\u00e1manos WhatsApp La seguridad contra incendios no es opcional, es una necesidad. \u00a1Contactar ahora!\" \/>\n<meta property=\"og:url\" content=\"https:\/\/detectoresyextintorescontraincendio.com\/index.php\/contacto\/\" \/>\n<meta property=\"og:site_name\" content=\"Extintores contra incendios\" \/>\n<meta property=\"article:modified_time\" content=\"2025-02-27T18:29:19+00:00\" \/>\n<meta property=\"og:image\" content=\"https:\/\/detectoresyextintorescontraincendio.com\/wp-content\/uploads\/2021\/07\/Diseno-sin-titulo-67-e1740061449374.png\" \/>\n<meta name=\"twitter:card\" content=\"summary_large_image\" \/>\n<script type=\"application\/ld+json\" class=\"yoast-schema-graph\">{\"@context\":\"https:\/\/schema.org\",\"@graph\":[{\"@type\":\"WebPage\",\"@id\":\"https:\/\/detectoresyextintorescontraincendio.com\/index.php\/contacto\/\",\"url\":\"https:\/\/detectoresyextintorescontraincendio.com\/index.php\/contacto\/\",\"name\":\"Contacto - Extintores contra incendios\",\"isPartOf\":{\"@id\":\"https:\/\/detectoresyextintorescontraincendio.com\/#website\"},\"primaryImageOfPage\":{\"@id\":\"https:\/\/detectoresyextintorescontraincendio.com\/index.php\/contacto\/#primaryimage\"},\"image\":{\"@id\":\"https:\/\/detectoresyextintorescontraincendio.com\/index.php\/contacto\/#primaryimage\"},\"thumbnailUrl\":\"https:\/\/detectoresyextintorescontraincendio.com\/wp-content\/uploads\/2021\/07\/Diseno-sin-titulo-67-e1740061449374.png\",\"datePublished\":\"2021-07-29T14:53:40+00:00\",\"dateModified\":\"2025-02-27T18:29:19+00:00\",\"breadcrumb\":{\"@id\":\"https:\/\/detectoresyextintorescontraincendio.com\/index.php\/contacto\/#breadcrumb\"},\"inLanguage\":\"en-US\",\"potentialAction\":[{\"@type\":\"ReadAction\",\"target\":[\"https:\/\/detectoresyextintorescontraincendio.com\/index.php\/contacto\/\"]}]},{\"@type\":\"ImageObject\",\"inLanguage\":\"en-US\",\"@id\":\"https:\/\/detectoresyextintorescontraincendio.com\/index.php\/contacto\/#primaryimage\",\"url\":\"https:\/\/detectoresyextintorescontraincendio.com\/wp-content\/uploads\/2021\/07\/Diseno-sin-titulo-67-e1740061449374.png\",\"contentUrl\":\"https:\/\/detectoresyextintorescontraincendio.com\/wp-content\/uploads\/2021\/07\/Diseno-sin-titulo-67-e1740061449374.png\",\"width\":500,\"height\":150},{\"@type\":\"BreadcrumbList\",\"@id\":\"https:\/\/detectoresyextintorescontraincendio.com\/index.php\/contacto\/#breadcrumb\",\"itemListElement\":[{\"@type\":\"ListItem\",\"position\":1,\"name\":\"Home\",\"item\":\"https:\/\/detectoresyextintorescontraincendio.com\/\"},{\"@type\":\"ListItem\",\"position\":2,\"name\":\"Contacto\"}]},{\"@type\":\"WebSite\",\"@id\":\"https:\/\/detectoresyextintorescontraincendio.com\/#website\",\"url\":\"https:\/\/detectoresyextintorescontraincendio.com\/\",\"name\":\"Extintores contra incendios\",\"description\":\"La mejor solucion contra incendios\",\"potentialAction\":[{\"@type\":\"SearchAction\",\"target\":{\"@type\":\"EntryPoint\",\"urlTemplate\":\"https:\/\/detectoresyextintorescontraincendio.com\/?s={search_term_string}\"},\"query-input\":{\"@type\":\"PropertyValueSpecification\",\"valueRequired\":true,\"valueName\":\"search_term_string\"}}],\"inLanguage\":\"en-US\"}]}<\/script>\n<!-- \/ Yoast SEO plugin. -->","yoast_head_json":{"title":"Contacto - Extintores contra incendios","robots":{"index":"index","follow":"follow","max-snippet":"max-snippet:-1","max-image-preview":"max-image-preview:large","max-video-preview":"max-video-preview:-1"},"canonical":"https:\/\/detectoresyextintorescontraincendio.com\/index.php\/contacto\/","og_locale":"en_US","og_type":"article","og_title":"Contacto - Extintores contra incendios","og_description":"Cont\u00e1ctanos Podemos brindarte una cotizaci\u00f3n de inmediato, ya sea por WhatsApp o por tel\u00e9fono. Ll\u00e1manos ahora mismo. Nos adaptamos a tu presupuesto y a tu visi\u00f3n para transformar espacios y optimizar cada rinc\u00f3n de tu construcci\u00f3n. Ll\u00e1manos WhatsApp La seguridad contra incendios no es opcional, es una necesidad. \u00a1Contactar ahora!","og_url":"https:\/\/detectoresyextintorescontraincendio.com\/index.php\/contacto\/","og_site_name":"Extintores contra incendios","article_modified_time":"2025-02-27T18:29:19+00:00","og_image":[{"url":"https:\/\/detectoresyextintorescontraincendio.com\/wp-content\/uploads\/2021\/07\/Diseno-sin-titulo-67-e1740061449374.png","type":"","width":"","height":""}],"twitter_card":"summary_large_image","schema":{"@context":"https:\/\/schema.org","@graph":[{"@type":"WebPage","@id":"https:\/\/detectoresyextintorescontraincendio.com\/index.php\/contacto\/","url":"https:\/\/detectoresyextintorescontraincendio.com\/index.php\/contacto\/","name":"Contacto - Extintores contra incendios","isPartOf":{"@id":"https:\/\/detectoresyextintorescontraincendio.com\/#website"},"primaryImageOfPage":{"@id":"https:\/\/detectoresyextintorescontraincendio.com\/index.php\/contacto\/#primaryimage"},"image":{"@id":"https:\/\/detectoresyextintorescontraincendio.com\/index.php\/contacto\/#primaryimage"},"thumbnailUrl":"https:\/\/detectoresyextintorescontraincendio.com\/wp-content\/uploads\/2021\/07\/Diseno-sin-titulo-67-e1740061449374.png","datePublished":"2021-07-29T14:53:40+00:00","dateModified":"2025-02-27T18:29:19+00:00","breadcrumb":{"@id":"https:\/\/detectoresyextintorescontraincendio.com\/index.php\/contacto\/#breadcrumb"},"inLanguage":"en-US","potentialAction":[{"@type":"ReadAction","target":["https:\/\/detectoresyextintorescontraincendio.com\/index.php\/contacto\/"]}]},{"@type":"ImageObject","inLanguage":"en-US","@id":"https:\/\/detectoresyextintorescontraincendio.com\/index.php\/contacto\/#primaryimage","url":"https:\/\/detectoresyextintorescontraincendio.com\/wp-content\/uploads\/2021\/07\/Diseno-sin-titulo-67-e1740061449374.png","contentUrl":"https:\/\/detectoresyextintorescontraincendio.com\/wp-content\/uploads\/2021\/07\/Diseno-sin-titulo-67-e1740061449374.png","width":500,"height":150},{"@type":"BreadcrumbList","@id":"https:\/\/detectoresyextintorescontraincendio.com\/index.php\/contacto\/#breadcrumb","itemListElement":[{"@type":"ListItem","position":1,"name":"Home","item":"https:\/\/detectoresyextintorescontraincendio.com\/"},{"@type":"ListItem","position":2,"name":"Contacto"}]},{"@type":"WebSite","@id":"https:\/\/detectoresyextintorescontraincendio.com\/#website","url":"https:\/\/detectoresyextintorescontraincendio.com\/","name":"Extintores contra incendios","description":"La mejor solucion contra incendios","potentialAction":[{"@type":"SearchAction","target":{"@type":"EntryPoint","urlTemplate":"https:\/\/detectoresyextintorescontraincendio.com\/?s={search_term_string}"},"query-input":{"@type":"PropertyValueSpecification","valueRequired":true,"valueName":"search_term_string"}}],"inLanguage":"en-US"}]}},"_links":{"self":[{"href":"https:\/\/detectoresyextintorescontraincendio.com\/index.php\/wp-json\/wp\/v2\/pages\/172","targetHints":{"allow":["GET"]}}],"collection":[{"href":"https:\/\/detectoresyextintorescontraincendio.com\/index.php\/wp-json\/wp\/v2\/pages"}],"about":[{"href":"https:\/\/detectoresyextintorescontraincendio.com\/index.php\/wp-json\/wp\/v2\/types\/page"}],"author":[{"embeddable":true,"href":"https:\/\/detectoresyextintorescontraincendio.com\/index.php\/wp-json\/wp\/v2\/users\/1"}],"replies":[{"embeddable":true,"href":"https:\/\/detectoresyextintorescontraincendio.com\/index.php\/wp-json\/wp\/v2\/comments?post=172"}],"version-history":[{"count":26,"href":"https:\/\/detectoresyextintorescontraincendio.com\/index.php\/wp-json\/wp\/v2\/pages\/172\/revisions"}],"predecessor-version":[{"id":1749,"href":"https:\/\/detectoresyextintorescontraincendio.com\/index.php\/wp-json\/wp\/v2\/pages\/172\/revisions\/1749"}],"wp:attachment":[{"href":"https:\/\/detectoresyextintorescontraincendio.com\/index.php\/wp-json\/wp\/v2\/media?parent=172"}],"curies":[{"name":"wp","href":"https:\/\/api.w.org\/{rel}","templated":true}]}}